{"id":61,"date":"2020-01-23T18:21:52","date_gmt":"2020-01-23T18:21:52","guid":{"rendered":"https:\/\/demosites.io\/web-agency-gb\/?page_id=61"},"modified":"2023-10-11T12:00:11","modified_gmt":"2023-10-11T12:00:11","slug":"15c42-web-agency-gb-about-us","status":"publish","type":"page","link":"https:\/\/rsaudit.com\/?page_id=61","title":{"rendered":"Nuestra Firma"},"content":{"rendered":"\r\n<div class=\"wp-block-cover alignfull is-layout-flow wp-block-cover-is-layout-flow\" style=\"min-height: 150px;aspect-ratio:unset;\">\r\n<div class=\"wp-block-cover__inner-container\">\r\n<div class=\"wp-block-group\">\r\n<h2 class=\"has-text-align-left has-neve-text-color-color has-text-color\">NUESTRA FIRMA<\/h2>\r\n<\/div>\r\n<\/div>\r\n<\/div>\r\n<div class=\"wp-block-cover alignfull\" style=\"min-height: 600px;\">\r\n<div class=\"wp-block-cover__inner-container\">\r\n<div class=\"wp-block-group\">\r\n<div class=\"wp-block-columns are-vertically-aligned-center has-neve-text-color-color has-text-color\">\r\n<div class=\"wp-block-column is-vertically-aligned-center\" style=\"flex-basis: 50%;\">\r\n<figure class=\"wp-block-image size-large\"><img loading=\"lazy\" decoding=\"async\" class=\"alignnone wp-image-321 \" src=\"https:\/\/rsaudit.com\/wp-content\/uploads\/2023\/10\/asesor-empresarial-1024x623.jpg\" alt=\"\" width=\"549\" height=\"334\" srcset=\"https:\/\/rsaudit.com\/wp-content\/uploads\/2023\/10\/asesor-empresarial-1024x623.jpg 1024w, https:\/\/rsaudit.com\/wp-content\/uploads\/2023\/10\/asesor-empresarial-300x183.jpg 300w, https:\/\/rsaudit.com\/wp-content\/uploads\/2023\/10\/asesor-empresarial-768x467.jpg 768w, https:\/\/rsaudit.com\/wp-content\/uploads\/2023\/10\/asesor-empresarial-1536x934.jpg 1536w, https:\/\/rsaudit.com\/wp-content\/uploads\/2023\/10\/asesor-empresarial.jpg 1920w\" sizes=\"auto, (max-width: 549px) 100vw, 549px\" \/><\/figure>\r\n<\/div>\r\n<!-- \/wp:post-content -->\r\n\r\n<!-- wp:column {\"verticalAlignment\":\"center\",\"width\":\"50%\"} -->\r\n<div class=\"wp-block-column is-vertically-aligned-center\" style=\"flex-basis: 50%;\"><!-- wp:heading {\"textColor\":\"neve-text-color\"} -->\r\n<h2 class=\"has-neve-text-color-color has-text-color\">\u00a0<\/h2>\r\n<!-- \/wp:heading -->\r\n\r\n<!-- wp:paragraph {\"textColor\":\"neve-text-color\"} -->\r\n<p>RS Auditores y Consultores es un despacho profesional especializado en la auditor\u00eda de cuentas y en la prestaci\u00f3n de servicios de consultor\u00eda a empresas y despachos profesionales.<\/p>\r\n<p>Prestamos servicios de auditor\u00eda, consultor\u00eda, asesoramiento financiero y contable. Nuestros servicios profesionales ofrecen la m\u00e1s alta calidad y los honorarios m\u00e1s competitivos por la estructura y dilatada experiencia de nuestra firma. Nuestros valores fundamentales son la integridad, la independencia y la objetividad en nuestro trabajo.<\/p>\r\n<p>La calidad y capacidad en la prestaci\u00f3n en nuestros servicios est\u00e1 garantizada por nuestros socios y directores, que han sido formados en firmas internacionales de auditor\u00eda y cuentan con amplia experiencia en la gesti\u00f3n de empresas y en la prestaci\u00f3n de servicios de auditor\u00eda y consultor\u00eda.<\/p>\r\n<p>&nbsp;<\/p>\r\n<\/div>\r\n<\/div>\r\n<\/div>\r\n<\/div>\r\n<\/div>\r\n<!-- \/wp:paragraph -->","protected":false},"excerpt":{"rendered":"<p>\u00a0 RS Auditores y Consultores es un despacho profesional especializado en la auditor\u00eda de cuentas y en la prestaci\u00f3n de servicios de consultor\u00eda a empresas y despachos profesionales. Prestamos servicios de auditor\u00eda, consultor\u00eda, asesoramiento financiero y contable. Nuestros servicios profesionales ofrecen la m\u00e1s alta calidad y los honorarios m\u00e1s competitivos por la estructura y dilatada&hellip;&nbsp;<a href=\"https:\/\/rsaudit.com\/?page_id=61\" rel=\"bookmark\">Leer m\u00e1s &raquo;<span class=\"screen-reader-text\">Nuestra Firma<\/span><\/a><\/p>\n","protected":false},"author":1,"featured_media":0,"parent":0,"menu_order":0,"comment_status":"closed","ping_status":"closed","template":"","meta":{"neve_meta_sidebar":"","neve_meta_container":"","neve_meta_enable_content_width":"on","neve_meta_content_width":100,"neve_meta_title_alignment":"","neve_meta_author_avatar":"","neve_post_elements_order":"","neve_meta_disable_header":"","neve_meta_disable_footer":"","neve_meta_disable_title":"on","_themeisle_gutenberg_block_has_review":false,"footnotes":""},"class_list":["post-61","page","type-page","status-publish","hentry"],"_links":{"self":[{"href":"https:\/\/rsaudit.com\/index.php?rest_route=\/wp\/v2\/pages\/61","targetHints":{"allow":["GET"]}}],"collection":[{"href":"https:\/\/rsaudit.com\/index.php?rest_route=\/wp\/v2\/pages"}],"about":[{"href":"https:\/\/rsaudit.com\/index.php?rest_route=\/wp\/v2\/types\/page"}],"author":[{"embeddable":true,"href":"https:\/\/rsaudit.com\/index.php?rest_route=\/wp\/v2\/users\/1"}],"replies":[{"embeddable":true,"href":"https:\/\/rsaudit.com\/index.php?rest_route=%2Fwp%2Fv2%2Fcomments&post=61"}],"version-history":[{"count":4,"href":"https:\/\/rsaudit.com\/index.php?rest_route=\/wp\/v2\/pages\/61\/revisions"}],"predecessor-version":[{"id":344,"href":"https:\/\/rsaudit.com\/index.php?rest_route=\/wp\/v2\/pages\/61\/revisions\/344"}],"wp:attachment":[{"href":"https:\/\/rsaudit.com\/index.php?rest_route=%2Fwp%2Fv2%2Fmedia&parent=61"}],"curies":[{"name":"wp","href":"https:\/\/api.w.org\/{rel}","templated":true}]}}