{"id":308,"date":"2020-01-13T11:17:52","date_gmt":"2020-01-13T11:17:52","guid":{"rendered":"https:\/\/demosites.io\/web-agency-gb\/?page_id=5"},"modified":"2024-01-15T12:38:25","modified_gmt":"2024-01-15T12:38:25","slug":"15c42-web-agency-gb-home","status":"publish","type":"page","link":"https:\/\/rsaudit.com\/","title":{"rendered":"INICIO"},"content":{"rendered":"\r\n<div class=\"wp-block-cover alignfull is-light\" style=\"min-height: 700px;aspect-ratio:unset;\"><img loading=\"lazy\" decoding=\"async\" class=\"wp-block-cover__image-background alignnone wp-image-319 size-full\" style=\"object-position: 50% 64%;\" src=\"https:\/\/rsaudit.com\/wp-content\/uploads\/2023\/10\/las-buenas-practicas.jpg\" alt=\"\" width=\"1226\" height=\"758\" data-object-fit=\"cover\" data-object-position=\"50% 64%\" srcset=\"https:\/\/rsaudit.com\/wp-content\/uploads\/2023\/10\/las-buenas-practicas.jpg 1226w, https:\/\/rsaudit.com\/wp-content\/uploads\/2023\/10\/las-buenas-practicas-300x185.jpg 300w, https:\/\/rsaudit.com\/wp-content\/uploads\/2023\/10\/las-buenas-practicas-1024x633.jpg 1024w, https:\/\/rsaudit.com\/wp-content\/uploads\/2023\/10\/las-buenas-practicas-768x475.jpg 768w\" sizes=\"auto, (max-width: 1226px) 100vw, 1226px\" \/>\r\n<div class=\"wp-block-cover__inner-container is-layout-flow wp-block-cover-is-layout-flow\">\r\n<div class=\"wp-block-spacer\" style=\"height: 80px;\" aria-hidden=\"true\">\u00a0<\/div>\r\n\r\n\r\n\r\n<h1 class=\"has-text-align-center has-text-color wp-block-heading\" style=\"color: #121212;\">M\u00c1XIMAS\u00a0 \u00a0GARANT\u00cdAS<\/h1>\r\n\r\n\r\n\r\n<p class=\"has-text-align-center has-text-color\" style=\"color: #121212; font-size: 17px;\"><strong>RS Auditores y Consultores es un despacho profesional especializado en la auditor\u00eda de cuentas y en la prestaci\u00f3n de servicios de consultor\u00eda a empresas y despachos profesionales.<\/strong><\/p>\r\n\r\n\r\n\r\n<div class=\"wp-block-buttons is-horizontal is-content-justification-center is-layout-flex wp-container-core-buttons-is-layout-499968f5 wp-block-buttons-is-layout-flex\">\r\n<div class=\"wp-block-button is-style-primary\"><a class=\"wp-block-button__link wp-element-button\" href=\"https:\/\/rsaudit.com\/?page_id=61\">NUESTRA FIRMA<\/a><\/div>\r\n\r\n\r\n\r\n<div class=\"wp-block-button is-style-secondary\"><a class=\"wp-block-button__link wp-element-button\" href=\"https:\/\/rsaudit.com\/?page_id=75\">CONTACTA<\/a><\/div>\r\n<\/div>\r\n\r\n\r\n\r\n<div class=\"wp-block-spacer\" style=\"height: 80px;\" aria-hidden=\"true\">\u00a0<\/div>\r\n\r\n\r\n\r\n<div class=\"wp-block-spacer\" style=\"height: 80px;\" aria-hidden=\"true\">\u00a0<\/div>\r\n<\/div>\r\n<\/div>\r\n\r\n\r\n\r\n<div class=\"wp-block-spacer\" style=\"height: 80px;\" aria-hidden=\"true\">\u00a0<\/div>\r\n\r\n\r\n\r\n<div class=\"wp-block-columns is-layout-flex wp-container-core-columns-is-layout-9d6595d7 wp-block-columns-is-layout-flex\">\r\n<div class=\"wp-block-column is-layout-flow wp-block-column-is-layout-flow\"><div class=\"wp-block-image icon-style is-style-rounded\">\r\n<figure class=\"aligncenter size-large\"><img decoding=\"async\" class=\"wp-image-20\" title=\"\" src=\"https:\/\/rsaudit.com\/wp-content\/uploads\/2020\/01\/neve-webdesign-GB-03.png\" alt=\"\" \/><\/figure>\r\n<\/div>\r\n\r\n\r\n<div class=\"wp-block-spacer\" style=\"height: 20px;\" aria-hidden=\"true\">\u00a0<\/div>\r\n\r\n\r\n\r\n<h3 class=\"has-text-align-center has-neve-text-color-color has-text-color wp-block-heading\">Auditor\u00eda<\/h3>\r\n\r\n\r\n\r\n<p>Auditor\u00eda de Cuentas Anuales. Auditor\u00eda de Estados Financieros intermedios. Auditor\u00eda de Subvenciones. Informes especiales de procedimientos acordados.<\/p>\r\n\r\n\r\n\r\n<div class=\"wp-block-spacer\" style=\"height: 20px;\" aria-hidden=\"true\">\u00a0<\/div>\r\n<\/div>\r\n\r\n\r\n\r\n<div class=\"wp-block-column is-layout-flow wp-block-column-is-layout-flow\"><div class=\"wp-block-image icon-style is-style-rounded\">\r\n<figure class=\"aligncenter size-large\"><img decoding=\"async\" class=\"wp-image-21\" src=\"https:\/\/rsaudit.com\/wp-content\/uploads\/2020\/01\/neve-webdesign-GB-04.png\" alt=\"\" \/><\/figure>\r\n<\/div>\r\n\r\n\r\n<div class=\"wp-block-spacer\" style=\"height: 20px;\" aria-hidden=\"true\">\u00a0<\/div>\r\n\r\n\r\n\r\n<h3 class=\"has-text-align-center has-neve-text-color-color has-text-color wp-block-heading\">Consultor\u00eda<\/h3>\r\n\r\n\r\n\r\n<p>Auditor\u00eda interna. Consolidaci\u00f3n de Estados Financieros y elaboraci\u00f3n de Cuentas Anuales. Dise\u00f1o e implantaci\u00f3n de modelos de reportings e informes. Elaboraci\u00f3n de planes de formaci\u00f3n. Auditor\u00eda de sistemas de informaci\u00f3n.<\/p>\r\n\r\n\r\n\r\n<div class=\"wp-block-spacer\" style=\"height: 20px;\" aria-hidden=\"true\">\u00a0<\/div>\r\n<\/div>\r\n\r\n\r\n\r\n<div class=\"wp-block-column is-layout-flow wp-block-column-is-layout-flow\"><div class=\"wp-block-image icon-style is-style-rounded\">\r\n<figure class=\"aligncenter size-large\"><img decoding=\"async\" class=\"wp-image-18\" src=\"https:\/\/rsaudit.com\/wp-content\/uploads\/2020\/01\/neve-webdesign-GB-01.png\" alt=\"\" \/><\/figure>\r\n<\/div>\r\n\r\n\r\n<div class=\"wp-block-spacer\" style=\"height: 20px;\" aria-hidden=\"true\">\u00a0<\/div>\r\n\r\n\r\n\r\n<h3 class=\"has-text-align-center has-neve-text-color-color has-text-color wp-block-heading\">Control interno<\/h3>\r\n\r\n\r\n\r\n<p>Examen externo cumplimiento LPBCyFT\u00a0 (ley 10\/2010). Implantaci\u00f3n de medidas de diligencia debida de acuerdo con la LPBCyFT\u00a0 (ley 10\/2010). Dise\u00f1o e implantaci\u00f3n de SCCI para auditores, abogados y asesores fiscales. Revisiones de control de calidad de los encargos (EQCR). Planes de formaci\u00f3n de empleados y directivos.<\/p>\r\n\r\n\r\n\r\n<div class=\"wp-block-spacer\" style=\"height: 20px;\" aria-hidden=\"true\">\u00a0<\/div>\r\n<\/div>\r\n<\/div>\r\n\r\n\r\n\r\n\r\n\r\n<div class=\"wp-block-cover alignfull is-layout-flow wp-block-cover-is-layout-flow\" style=\"min-height: 600px;aspect-ratio:unset;\">\u00a0<\/div>\r\n","protected":false},"excerpt":{"rendered":"<p>Auditor\u00eda Auditor\u00eda de Cuentas Anuales. Auditor\u00eda de Estados Financieros intermedios. Auditor\u00eda de Subvenciones. Informes especiales de procedimientos acordados. Consultor\u00eda Auditor\u00eda interna. Consolidaci\u00f3n de Estados Financieros y elaboraci\u00f3n de Cuentas Anuales. Dise\u00f1o e implantaci\u00f3n de modelos de reportings e informes. Elaboraci\u00f3n de planes de formaci\u00f3n. Auditor\u00eda de sistemas de informaci\u00f3n. Control interno Examen externo cumplimiento LPBCyFT\u00a0&hellip;&nbsp;<a href=\"https:\/\/rsaudit.com\/\" rel=\"bookmark\">Leer m\u00e1s &raquo;<span class=\"screen-reader-text\">INICIO<\/span><\/a><\/p>\n","protected":false},"author":1,"featured_media":0,"parent":0,"menu_order":0,"comment_status":"closed","ping_status":"closed","template":"","meta":{"neve_meta_sidebar":"","neve_meta_container":"","neve_meta_enable_content_width":"on","neve_meta_content_width":100,"neve_meta_title_alignment":"","neve_meta_author_avatar":"","neve_post_elements_order":"","neve_meta_disable_header":"","neve_meta_disable_footer":"","neve_meta_disable_title":"on","_themeisle_gutenberg_block_has_review":false,"footnotes":""},"class_list":["post-308","page","type-page","status-publish","hentry"],"_links":{"self":[{"href":"https:\/\/rsaudit.com\/index.php?rest_route=\/wp\/v2\/pages\/308","targetHints":{"allow":["GET"]}}],"collection":[{"href":"https:\/\/rsaudit.com\/index.php?rest_route=\/wp\/v2\/pages"}],"about":[{"href":"https:\/\/rsaudit.com\/index.php?rest_route=\/wp\/v2\/types\/page"}],"author":[{"embeddable":true,"href":"https:\/\/rsaudit.com\/index.php?rest_route=\/wp\/v2\/users\/1"}],"replies":[{"embeddable":true,"href":"https:\/\/rsaudit.com\/index.php?rest_route=%2Fwp%2Fv2%2Fcomments&post=308"}],"version-history":[{"count":12,"href":"https:\/\/rsaudit.com\/index.php?rest_route=\/wp\/v2\/pages\/308\/revisions"}],"predecessor-version":[{"id":349,"href":"https:\/\/rsaudit.com\/index.php?rest_route=\/wp\/v2\/pages\/308\/revisions\/349"}],"wp:attachment":[{"href":"https:\/\/rsaudit.com\/index.php?rest_route=%2Fwp%2Fv2%2Fmedia&parent=308"}],"curies":[{"name":"wp","href":"https:\/\/api.w.org\/{rel}","templated":true}]}}